{"id":807,"date":"2020-06-30T22:06:51","date_gmt":"2020-06-30T22:06:51","guid":{"rendered":"https:\/\/muehlbauer-kran.de\/home\/?page_id=807"},"modified":"2020-07-01T00:41:50","modified_gmt":"2020-07-01T00:41:50","slug":"teleskoplader-manitou-2","status":"publish","type":"page","link":"https:\/\/muehlbauer-kran.de\/home\/?page_id=807","title":{"rendered":"Rotierender Teleskoplader Manitou MRT 2150 Privileg Plus"},"content":{"rendered":"<div class=\"gca-column one-half first\"><img loading=\"lazy\" decoding=\"async\" class=\"alignleft wp-image-831 size-full\" src=\"https:\/\/muehlbauer-kran.de\/home\/wp-content\/uploads\/2020\/06\/Manitou-MRT2150-1.png\" alt=\"\" width=\"500\" height=\"285\" srcset=\"https:\/\/muehlbauer-kran.de\/home\/wp-content\/uploads\/2020\/06\/Manitou-MRT2150-1.png 500w, https:\/\/muehlbauer-kran.de\/home\/wp-content\/uploads\/2020\/06\/Manitou-MRT2150-1-300x171.png 300w\" sizes=\"auto, (max-width: 500px) 100vw, 500px\" \/><br \/><\/div><div class=\"gca-column one-half\">\n<table id=\"tablepress-11\" class=\"tablepress tablepress-id-11 tbody-has-connected-cells\">\n<tbody class=\"row-hover\">\n<tr class=\"row-1\">\n\t<td colspan=\"2\" class=\"column-1\">Unser rotierender Teleskoplader ein Multitalent.<\/td>\n<\/tr>\n<tr class=\"row-2\">\n\t<td class=\"column-1\">Hebekraft bis:<\/td><td class=\"column-2\">5 Tonnen<\/td>\n<\/tr>\n<tr class=\"row-3\">\n\t<td class=\"column-1\">Hubh\u00f6he bis:<\/td><td class=\"column-2\">21 Meter<\/td>\n<\/tr>\n<tr class=\"row-4\">\n\t<td class=\"column-1\">Sonstiges:<\/td><td class=\"column-2\">Support f\u00fcr Kr\u00e4ne und alles was wir in der Firma heben m\u00fcssen<\/td>\n<\/tr>\n<tr class=\"row-5\">\n\t<td class=\"column-1\"><\/td><td class=\"column-2\">Kran kann auch per Fernbedienung gesteuert werden.<br \/>\n<br \/>\nDiverses Zubeh\u00f6r f\u00fcr verschiedenste Anforderungen vorhanden:<br \/>\nSeilwinde, Schwerlastbommel und Gabeltr\u00e4ger<br \/>\n<br \/>\n2 Arbeitsplattformen: <br \/>\nStarre Ausf\u00fchrung mit 2,30 m  Arbeitsbreite<br \/>\nBewegliche Ausf\u00fchrung ausklappbar auf 4,50 m Arbeitsbreite <\/td>\n<\/tr>\n<tr class=\"row-6\">\n\t<td class=\"column-1\">  <\/td><td class=\"column-2\">Einsatz bei Ihnen? Bitte anfragen.<\/td>\n<\/tr>\n<tr class=\"row-7\">\n\t<td class=\"column-1\"><\/td><td class=\"column-2\"><\/td>\n<\/tr>\n<\/tbody>\n<\/table>\n<!-- #tablepress-11 from cache --><\/div><div class=\"gca-utility clearfix\"><\/div>\n<hr \/>\n<style type=\"text\/css\">\n#foogallery-gallery-841.fg-masonry .fg-item { width: 150px; }\n#foogallery-gallery-841.fg-masonry { --fg-gutter: 10px; }<\/style>\n\t\t\t<div class=\"foogallery foogallery-container foogallery-masonry foogallery-lightbox-foobox fg-center fg-masonry fg-ready fg-light fg-loading-default fg-loaded-fade-in fg-hover-fade fg-fixed\" id=\"foogallery-gallery-841\" data-foogallery=\"{&quot;item&quot;:{&quot;showCaptionTitle&quot;:true,&quot;showCaptionDescription&quot;:true},&quot;lazy&quot;:true,&quot;template&quot;:{&quot;columnWidth&quot;:150,&quot;gutter&quot;:10}}\" style=\"--fg-title-line-clamp: 0; --fg-description-line-clamp: 0;\" >\n\t\t<div class=\"fg-item fg-type-image fg-idle\"><figure class=\"fg-item-inner\"><a href=\"https:\/\/muehlbauer-kran.de\/home\/wp-content\/uploads\/2020\/07\/ManitouMRT01.jpg\" data-attachment-id=\"846\" data-type=\"image\" class=\"fg-thumb\"><span class=\"fg-image-wrap\"><img decoding=\"async\" width=\"150\" height=\"200\" class=\"skip-lazy fg-image\" data-src-fg=\"https:\/\/muehlbauer-kran.de\/home\/wp-content\/uploads\/cache\/2020\/07\/ManitouMRT01\/3016236244.jpg\" data-srcset-fg=\"https:\/\/muehlbauer-kran.de\/home\/wp-content\/uploads\/cache\/2020\/07\/ManitouMRT01\/2495356909.jpg 4x\" src=\"data:image\/svg+xml,%3Csvg%20xmlns%3D%22http%3A%2F%2Fwww.w3.org%2F2000%2Fsvg%22%20width%3D%22150%22%20height%3D%22200%22%20viewBox%3D%220%200%20150%20200%22%3E%3C%2Fsvg%3E\" loading=\"eager\"><\/span><span class=\"fg-image-overlay\"><\/span><\/a><\/figure><div class=\"fg-loader\"><\/div><\/div><div class=\"fg-item fg-type-image fg-idle\"><figure class=\"fg-item-inner\"><a href=\"https:\/\/muehlbauer-kran.de\/home\/wp-content\/uploads\/2020\/07\/ManitouMRT02.jpg\" data-attachment-id=\"847\" data-type=\"image\" class=\"fg-thumb\"><span class=\"fg-image-wrap\"><img decoding=\"async\" width=\"150\" height=\"113\" class=\"skip-lazy fg-image\" data-src-fg=\"https:\/\/muehlbauer-kran.de\/home\/wp-content\/uploads\/cache\/2020\/07\/ManitouMRT02\/2812396556.jpg\" data-srcset-fg=\"https:\/\/muehlbauer-kran.de\/home\/wp-content\/uploads\/cache\/2020\/07\/ManitouMRT02\/2161493813.jpg 4x\" src=\"data:image\/svg+xml,%3Csvg%20xmlns%3D%22http%3A%2F%2Fwww.w3.org%2F2000%2Fsvg%22%20width%3D%22150%22%20height%3D%22113%22%20viewBox%3D%220%200%20150%20113%22%3E%3C%2Fsvg%3E\" loading=\"eager\"><\/span><span class=\"fg-image-overlay\"><\/span><\/a><\/figure><div class=\"fg-loader\"><\/div><\/div><div class=\"fg-item fg-type-image fg-idle\"><figure class=\"fg-item-inner\"><a href=\"https:\/\/muehlbauer-kran.de\/home\/wp-content\/uploads\/2020\/07\/ManitouMRT04.jpg\" data-attachment-id=\"849\" data-type=\"image\" class=\"fg-thumb\"><span class=\"fg-image-wrap\"><img decoding=\"async\" width=\"150\" height=\"113\" class=\"skip-lazy fg-image\" data-src-fg=\"https:\/\/muehlbauer-kran.de\/home\/wp-content\/uploads\/cache\/2020\/07\/ManitouMRT04\/2238377933.jpg\" data-srcset-fg=\"https:\/\/muehlbauer-kran.de\/home\/wp-content\/uploads\/cache\/2020\/07\/ManitouMRT04\/2719935732.jpg 4x\" src=\"data:image\/svg+xml,%3Csvg%20xmlns%3D%22http%3A%2F%2Fwww.w3.org%2F2000%2Fsvg%22%20width%3D%22150%22%20height%3D%22113%22%20viewBox%3D%220%200%20150%20113%22%3E%3C%2Fsvg%3E\" loading=\"eager\"><\/span><span class=\"fg-image-overlay\"><\/span><\/a><\/figure><div class=\"fg-loader\"><\/div><\/div><div class=\"fg-item fg-type-image fg-idle\"><figure class=\"fg-item-inner\"><a href=\"https:\/\/muehlbauer-kran.de\/home\/wp-content\/uploads\/2020\/07\/ManitouMRT03.jpg\" data-attachment-id=\"848\" data-type=\"image\" class=\"fg-thumb\"><span class=\"fg-image-wrap\"><img decoding=\"async\" width=\"150\" height=\"113\" class=\"skip-lazy fg-image\" data-src-fg=\"https:\/\/muehlbauer-kran.de\/home\/wp-content\/uploads\/cache\/2020\/07\/ManitouMRT03\/357120495.jpg\" data-srcset-fg=\"https:\/\/muehlbauer-kran.de\/home\/wp-content\/uploads\/cache\/2020\/07\/ManitouMRT03\/842873558.jpg 4x\" src=\"data:image\/svg+xml,%3Csvg%20xmlns%3D%22http%3A%2F%2Fwww.w3.org%2F2000%2Fsvg%22%20width%3D%22150%22%20height%3D%22113%22%20viewBox%3D%220%200%20150%20113%22%3E%3C%2Fsvg%3E\" loading=\"eager\"><\/span><span class=\"fg-image-overlay\"><\/span><\/a><\/figure><div class=\"fg-loader\"><\/div><\/div><div class=\"fg-item fg-type-image fg-idle\"><figure class=\"fg-item-inner\"><a href=\"https:\/\/muehlbauer-kran.de\/home\/wp-content\/uploads\/2020\/07\/ManitouMRT05.jpg\" data-attachment-id=\"850\" data-type=\"image\" class=\"fg-thumb\"><span class=\"fg-image-wrap\"><img decoding=\"async\" width=\"150\" height=\"113\" class=\"skip-lazy fg-image\" data-src-fg=\"https:\/\/muehlbauer-kran.de\/home\/wp-content\/uploads\/cache\/2020\/07\/ManitouMRT05\/1856492493.jpg\" data-srcset-fg=\"https:\/\/muehlbauer-kran.de\/home\/wp-content\/uploads\/cache\/2020\/07\/ManitouMRT05\/1238618356.jpg 4x\" src=\"data:image\/svg+xml,%3Csvg%20xmlns%3D%22http%3A%2F%2Fwww.w3.org%2F2000%2Fsvg%22%20width%3D%22150%22%20height%3D%22113%22%20viewBox%3D%220%200%20150%20113%22%3E%3C%2Fsvg%3E\" loading=\"eager\"><\/span><span class=\"fg-image-overlay\"><\/span><\/a><\/figure><div class=\"fg-loader\"><\/div><\/div><div class=\"fg-item fg-type-image fg-idle\"><figure class=\"fg-item-inner\"><a href=\"https:\/\/muehlbauer-kran.de\/home\/wp-content\/uploads\/2020\/07\/ManitouMRT07.jpg\" data-attachment-id=\"842\" data-type=\"image\" class=\"fg-thumb\"><span class=\"fg-image-wrap\"><img decoding=\"async\" width=\"150\" height=\"113\" class=\"skip-lazy fg-image\" data-src-fg=\"https:\/\/muehlbauer-kran.de\/home\/wp-content\/uploads\/cache\/2020\/07\/ManitouMRT07\/1940874108.jpg\" data-srcset-fg=\"https:\/\/muehlbauer-kran.de\/home\/wp-content\/uploads\/cache\/2020\/07\/ManitouMRT07\/1423663173.jpg 4x\" src=\"data:image\/svg+xml,%3Csvg%20xmlns%3D%22http%3A%2F%2Fwww.w3.org%2F2000%2Fsvg%22%20width%3D%22150%22%20height%3D%22113%22%20viewBox%3D%220%200%20150%20113%22%3E%3C%2Fsvg%3E\" loading=\"eager\"><\/span><span class=\"fg-image-overlay\"><\/span><\/a><\/figure><div class=\"fg-loader\"><\/div><\/div><div class=\"fg-item fg-type-image fg-idle\"><figure class=\"fg-item-inner\"><a href=\"https:\/\/muehlbauer-kran.de\/home\/wp-content\/uploads\/2020\/07\/ManitouMRT06.jpg\" data-attachment-id=\"851\" data-type=\"image\" class=\"fg-thumb\"><span class=\"fg-image-wrap\"><img decoding=\"async\" width=\"150\" height=\"113\" class=\"skip-lazy fg-image\" data-src-fg=\"https:\/\/muehlbauer-kran.de\/home\/wp-content\/uploads\/cache\/2020\/07\/ManitouMRT06\/2060323605.jpg\" data-srcset-fg=\"https:\/\/muehlbauer-kran.de\/home\/wp-content\/uploads\/cache\/2020\/07\/ManitouMRT06\/1572472876.jpg 4x\" src=\"data:image\/svg+xml,%3Csvg%20xmlns%3D%22http%3A%2F%2Fwww.w3.org%2F2000%2Fsvg%22%20width%3D%22150%22%20height%3D%22113%22%20viewBox%3D%220%200%20150%20113%22%3E%3C%2Fsvg%3E\" loading=\"eager\"><\/span><span class=\"fg-image-overlay\"><\/span><\/a><\/figure><div class=\"fg-loader\"><\/div><\/div><div class=\"fg-item fg-type-image fg-idle\"><figure class=\"fg-item-inner\"><a href=\"https:\/\/muehlbauer-kran.de\/home\/wp-content\/uploads\/2020\/07\/ManitouMRTTL01.jpg\" data-attachment-id=\"843\" data-type=\"image\" class=\"fg-thumb\"><span class=\"fg-image-wrap\"><img decoding=\"async\" width=\"150\" height=\"175\" class=\"skip-lazy fg-image\" data-src-fg=\"https:\/\/muehlbauer-kran.de\/home\/wp-content\/uploads\/cache\/2020\/07\/ManitouMRTTL01\/561481675.jpg\" data-srcset-fg=\"https:\/\/muehlbauer-kran.de\/home\/wp-content\/uploads\/cache\/2020\/07\/ManitouMRTTL01\/3069869247.jpg 4x\" src=\"data:image\/svg+xml,%3Csvg%20xmlns%3D%22http%3A%2F%2Fwww.w3.org%2F2000%2Fsvg%22%20width%3D%22150%22%20height%3D%22175%22%20viewBox%3D%220%200%20150%20175%22%3E%3C%2Fsvg%3E\" loading=\"eager\"><\/span><span class=\"fg-image-overlay\"><\/span><\/a><\/figure><div class=\"fg-loader\"><\/div><\/div><div class=\"fg-item fg-type-image fg-idle\"><figure class=\"fg-item-inner\"><a href=\"https:\/\/muehlbauer-kran.de\/home\/wp-content\/uploads\/2020\/07\/ManitouMRTTL02-scaled.jpg\" data-attachment-id=\"844\" data-type=\"image\" class=\"fg-thumb\"><span class=\"fg-image-wrap\"><img decoding=\"async\" width=\"150\" height=\"192\" class=\"skip-lazy fg-image\" data-src-fg=\"https:\/\/muehlbauer-kran.de\/home\/wp-content\/uploads\/cache\/2020\/07\/ManitouMRTTL02-scaled\/444160149.jpg\" data-srcset-fg=\"https:\/\/muehlbauer-kran.de\/home\/wp-content\/uploads\/cache\/2020\/07\/ManitouMRTTL02-scaled\/2501006810.jpg 4x\" src=\"data:image\/svg+xml,%3Csvg%20xmlns%3D%22http%3A%2F%2Fwww.w3.org%2F2000%2Fsvg%22%20width%3D%22150%22%20height%3D%22192%22%20viewBox%3D%220%200%20150%20192%22%3E%3C%2Fsvg%3E\" loading=\"eager\"><\/span><span class=\"fg-image-overlay\"><\/span><\/a><\/figure><div class=\"fg-loader\"><\/div><\/div><div class=\"fg-item fg-type-image fg-idle\"><figure class=\"fg-item-inner\"><a href=\"https:\/\/muehlbauer-kran.de\/home\/wp-content\/uploads\/2020\/07\/ManitouMRTTL03-scaled.jpg\" data-attachment-id=\"845\" data-type=\"image\" class=\"fg-thumb\"><span class=\"fg-image-wrap\"><img decoding=\"async\" width=\"150\" height=\"209\" class=\"skip-lazy fg-image\" data-src-fg=\"https:\/\/muehlbauer-kran.de\/home\/wp-content\/uploads\/cache\/2020\/07\/ManitouMRTTL03-scaled\/4129845710.jpg\" data-srcset-fg=\"https:\/\/muehlbauer-kran.de\/home\/wp-content\/uploads\/cache\/2020\/07\/ManitouMRTTL03-scaled\/2034465921.jpg 4x\" src=\"data:image\/svg+xml,%3Csvg%20xmlns%3D%22http%3A%2F%2Fwww.w3.org%2F2000%2Fsvg%22%20width%3D%22150%22%20height%3D%22209%22%20viewBox%3D%220%200%20150%20209%22%3E%3C%2Fsvg%3E\" loading=\"eager\"><\/span><span class=\"fg-image-overlay\"><\/span><\/a><\/figure><div class=\"fg-loader\"><\/div><\/div><\/div>\n<hr \/>\n<p style=\"text-align: center;\"><a href=\"https:\/\/muehlbauer-kran.de\/home\/?page_id=59\">\u00dcbersicht Fuhrpark<\/a><\/p>\n\n\n<p><\/p>\n","protected":false},"excerpt":{"rendered":"<p>\u00dcbersicht Fuhrpark<\/p>\n","protected":false},"author":1,"featured_media":0,"parent":59,"menu_order":6,"comment_status":"closed","ping_status":"closed","template":"","meta":{"footnotes":""},"class_list":["post-807","page","type-page","status-publish","hentry","","tg-column-two"],"_links":{"self":[{"href":"https:\/\/muehlbauer-kran.de\/home\/index.php?rest_route=\/wp\/v2\/pages\/807","targetHints":{"allow":["GET"]}}],"collection":[{"href":"https:\/\/muehlbauer-kran.de\/home\/index.php?rest_route=\/wp\/v2\/pages"}],"about":[{"href":"https:\/\/muehlbauer-kran.de\/home\/index.php?rest_route=\/wp\/v2\/types\/page"}],"author":[{"embeddable":true,"href":"https:\/\/muehlbauer-kran.de\/home\/index.php?rest_route=\/wp\/v2\/users\/1"}],"replies":[{"embeddable":true,"href":"https:\/\/muehlbauer-kran.de\/home\/index.php?rest_route=%2Fwp%2Fv2%2Fcomments&post=807"}],"version-history":[{"count":6,"href":"https:\/\/muehlbauer-kran.de\/home\/index.php?rest_route=\/wp\/v2\/pages\/807\/revisions"}],"predecessor-version":[{"id":852,"href":"https:\/\/muehlbauer-kran.de\/home\/index.php?rest_route=\/wp\/v2\/pages\/807\/revisions\/852"}],"up":[{"embeddable":true,"href":"https:\/\/muehlbauer-kran.de\/home\/index.php?rest_route=\/wp\/v2\/pages\/59"}],"wp:attachment":[{"href":"https:\/\/muehlbauer-kran.de\/home\/index.php?rest_route=%2Fwp%2Fv2%2Fmedia&parent=807"}],"curies":[{"name":"wp","href":"https:\/\/api.w.org\/{rel}","templated":true}]}}